{"id":55,"date":"2026-05-10T21:13:35","date_gmt":"2026-05-10T21:13:35","guid":{"rendered":"https:\/\/www.instantsanalogues.fr\/?page_id=55"},"modified":"2026-05-10T21:13:35","modified_gmt":"2026-05-10T21:13:35","slug":"about","status":"publish","type":"page","link":"https:\/\/www.instantsanalogues.fr\/index.php\/about\/","title":{"rendered":"\u00c0 Propos"},"content":{"rendered":"\n<p>Le collectif Instants Analogues est une jeune association Quimp\u00e9roise, qui r\u00e9unit des photographes autour de leurs pratiques vari\u00e9es de la photographie argentique. <\/p>\n\n\n\n<p>Notre association a pour objectif l\u2019exposition, la promotion, la pratique, la transmission et la valorisation de la photographie argentique, sous toutes ses formes, dans une perspective culturelle, artistique, \u00e9ducative et patrimoniale, accessible \u00e0 tous et sans but lucratif.<\/p>\n\n\n\n<p><\/p>\n","protected":false},"excerpt":{"rendered":"<p>Le collectif Instants Analogues est une jeune association Quimp\u00e9roise, qui r\u00e9unit des photographes autour de leurs pratiques vari\u00e9es de la photographie argentique. Notre association a pour objectif l\u2019exposition, la promotion, la pratique, la transmission et la valorisation de la photographie argentique, sous toutes ses formes, dans une perspective culturelle, artistique, \u00e9ducative et patrimoniale, accessible \u00e0 [&hellip;]<\/p>\n","protected":false},"author":1,"featured_media":0,"parent":0,"menu_order":0,"comment_status":"closed","ping_status":"closed","template":"","meta":{"footnotes":""},"class_list":["post-55","page","type-page","status-publish","hentry"],"_links":{"self":[{"href":"https:\/\/www.instantsanalogues.fr\/index.php\/wp-json\/wp\/v2\/pages\/55","targetHints":{"allow":["GET"]}}],"collection":[{"href":"https:\/\/www.instantsanalogues.fr\/index.php\/wp-json\/wp\/v2\/pages"}],"about":[{"href":"https:\/\/www.instantsanalogues.fr\/index.php\/wp-json\/wp\/v2\/types\/page"}],"author":[{"embeddable":true,"href":"https:\/\/www.instantsanalogues.fr\/index.php\/wp-json\/wp\/v2\/users\/1"}],"replies":[{"embeddable":true,"href":"https:\/\/www.instantsanalogues.fr\/index.php\/wp-json\/wp\/v2\/comments?post=55"}],"version-history":[{"count":1,"href":"https:\/\/www.instantsanalogues.fr\/index.php\/wp-json\/wp\/v2\/pages\/55\/revisions"}],"predecessor-version":[{"id":56,"href":"https:\/\/www.instantsanalogues.fr\/index.php\/wp-json\/wp\/v2\/pages\/55\/revisions\/56"}],"wp:attachment":[{"href":"https:\/\/www.instantsanalogues.fr\/index.php\/wp-json\/wp\/v2\/media?parent=55"}],"curies":[{"name":"wp","href":"https:\/\/api.w.org\/{rel}","templated":true}]}}